{"id":158,"date":"2024-08-18T09:20:44","date_gmt":"2024-08-18T07:20:44","guid":{"rendered":"https:\/\/berlin.arbeitundleben.de\/zukunftszentrum-brandenburg\/?page_id=158"},"modified":"2025-01-22T06:51:55","modified_gmt":"2025-01-22T05:51:55","slug":"betriebsraete","status":"publish","type":"page","link":"https:\/\/berlin.arbeitundleben.de\/zukunftszentrum-brandenburg\/betriebsraete\/","title":{"rendered":"Betriebsr\u00e4te"},"content":{"rendered":" <div class=\"block block--header \" id=\"block_47e975f215ae22d3674d7e7e73d2bf8b\" data-id=\"\">\n\n\t<header class=\"header--small relative flex flex--middle\">\n\n     \n\t\t\t<img decoding=\"async\" src=\"https:\/\/berlin.arbeitundleben.de\/zukunftszentrum-brandenburg\/wp-content\/uploads\/2024\/07\/AuL-Website_HEADER_klein_rot-1600x289.jpg\"\n\t\t\t\tsrcset=\"https:\/\/berlin.arbeitundleben.de\/zukunftszentrum-brandenburg\/wp-content\/uploads\/2024\/07\/AuL-Website_HEADER_klein_rot.jpg 2400w,\n\t\t\t\t\t\thttps:\/\/berlin.arbeitundleben.de\/zukunftszentrum-brandenburg\/wp-content\/uploads\/2024\/07\/AuL-Website_HEADER_klein_rot.jpg 1920w,\n\t\t\t\t\t\thttps:\/\/berlin.arbeitundleben.de\/zukunftszentrum-brandenburg\/wp-content\/uploads\/2024\/07\/AuL-Website_HEADER_klein_rot-1600x289.jpg 1600w,\n\t\t\t\t\t\thttps:\/\/berlin.arbeitundleben.de\/zukunftszentrum-brandenburg\/wp-content\/uploads\/2024\/07\/AuL-Website_HEADER_klein_rot-1400x253.jpg 1400w,\n\t\t\t\t\t\thttps:\/\/berlin.arbeitundleben.de\/zukunftszentrum-brandenburg\/wp-content\/uploads\/2024\/07\/AuL-Website_HEADER_klein_rot-1200x217.jpg 1200w,\n\t\t\t\t\t\thttps:\/\/berlin.arbeitundleben.de\/zukunftszentrum-brandenburg\/wp-content\/uploads\/2024\/07\/AuL-Website_HEADER_klein_rot-1024x185.jpg 1024w,\n\t\t\t\t\t\thttps:\/\/berlin.arbeitundleben.de\/zukunftszentrum-brandenburg\/wp-content\/uploads\/2024\/07\/AuL-Website_HEADER_klein_rot-800x145.jpg 800w\" \n\t\t\t\tsizes=\"100vw\" loading=\"lazy\"\n\t\t\t\twidth=\"1903\" height=\"344\"\n\t\t\t\talt=\"\">\n\n\t\t\n        <div class=\"one-whole\">\n            <div class=\"container relative\">\n                <h1>Betriebsr\u00e4te<\/h1>\n                                \t<p>Gemeinsam f\u00fcr die Belegschaft und die Zukunft<\/p>\n                            <\/div>\n        <\/div>\n\n    <\/header>\n\n<\/div>\n\n<div class=\"container spacing\"> \n\n    <ul class=\"margin-bottom\" id=\"breadcrumbs\"><li><a href=\"https:\/\/berlin.arbeitundleben.de\/zukunftszentrum-brandenburg\/\">Startseite<\/a><\/li><\/ul>\n<\/div>\n\n <div class=\"block block--intro  margin-bottom--big\" id=\"block_949b674b7f525639d125665cd8fbd129\" data-id=\"\">\n\n\n\t<div class=\"container relative padding-top\">\n\n\t\t\t\t\t<svg xmlns=\"http:\/\/www.w3.org\/2000\/svg\" viewBox=\"0 0 549 401\" width=\"549\" height=\"401\"><path fill-rule=\"evenodd\"  fill=\"rgb(240, 240, 245)\" d=\"M549.001,164.345 C549.001,73.578 426.102,-0.001 274.503,-0.001 C122.904,-0.001 0.006,73.578 0.006,164.345 C0.006,250.677 111.218,321.411 252.533,328.119 L202.334,400.989 C419.239,321.890 484.365,272.033 499.064,258.806 C530.488,232.076 549.001,199.516 549.001,164.345 \"\/><\/svg>\n\t\t\n\t\t<div class=\"relative flex flexgrid--gutter flex--wrap\">\n\n\t\t\t<div class=\"flex__item three-fifths lg-one-whole\">\n\t\t\t\t<h3>Starke Betriebsr\u00e4te f\u00fcr eine mitbestimmte Arbeitswelt<\/h3>\n<p>Die Arbeitswelt ver\u00e4ndert sich \u2013 und mit ihr die Anforderungen an Betriebsr\u00e4te. Ob Digitalisierung, Fachkr\u00e4ftemangel oder die Gestaltung moderner Arbeitsbedingungen: Betriebsr\u00e4te stehen vor der Aufgabe, die Interessen der Mitarbeitenden zu vertreten und gleichzeitig die Zukunftsf\u00e4higkeit des Unternehmens im Blick zu behalten.<\/p>\n<p>Das Zukunftszentrum Brandenburg unterst\u00fctzt Betriebsr\u00e4te gezielt bei diesen Herausforderungen. Mit praxisnaher Beratung und passgenauen Weiterbildungen helfen wir dabei, neue Entwicklungen einzuordnen, Kompetenzen zu st\u00e4rken und konkrete Ma\u00dfnahmen zu entwickeln.<\/p>\n<p>Im Fokus stehen Themen wie:<\/p>\n<ul>\n<li><strong>Mitwirkung bei Ver\u00e4nderungsprozessen und Digitalisierung<\/strong><\/li>\n<li><strong>Zukunftssichere Qualifizierung der Belegschaft sichern<br \/>\n<\/strong><\/li>\n<li><strong>\u00d6ffentlichkeitsarbeit des Betriebrates<\/strong><\/li>\n<li><strong>Einsatz von K\u00fcnstlicher Intelligenz im Betrieb<\/strong><\/li>\n<\/ul>\n<p>Gemeinsam erarbeiten wir L\u00f6sungen, die Mitarbeitende st\u00e4rken und Betriebe nachhaltig voranbringen. Immer kostenfrei und auf Augenh\u00f6he \u2013 f\u00fcr eine starke Partnerschaft zwischen Betriebsrat und Unternehmen.<\/p>\n            <\/div>\n            <div class=\"flex__item two-fifths lg-one-whole\">\n\n        \t\t<div class=\"aside__bg\">\n        \t\t\t<h4 class=\"\" style=\"text-transform: none;\">Ihr Kontakt:<\/h4>\n\n\n        \t\t\t\n        \t\t\t\t\n        \t\t\t\t\t<div class=\"box contacts\">\n\n                                <div class=\"flex flex--middle\">\n                                \t\t                                    <div class=\"round\">\n\t                                        <img decoding=\"async\" src=\"https:\/\/berlin.arbeitundleben.de\/zukunftszentrum-brandenburg\/wp-content\/uploads\/2024\/11\/11-AuLBB_240917_Personalfoto-Birte-420x630.jpg\" \n\t                                        \talt=\"Birte\">\n\t                                    <\/div>\n\t                                                                    <div class=\"one-whole\">\n                                        <h5>Birte Komosin<\/h5>\n                                        <p>Beraterin<\/p>\n\n                                        <p>\n                                        \t                                                <a href=\"tel:030513019231\">\n                                                    030 \/ 5130 192-31                                                <\/a><br\/>\n                                                                                                                                        <a href=\"mailto:komosin@berlin.arbeitundleben.de\">\n                                                    komosin@<wbr>berlin.<wbr>arbeitundleben.de                                                <\/a>\n                                                                                    <\/p>\n                                    <\/div>\n                                <\/div>\n\n\t\t\t\t\t\t\t<\/div>\n\n        \t\t\t\t\n        \t\t\t\n        \t\t<\/div>\n\n        \t<\/div>\n\n        <\/div>\n\n    <\/div>\n\n<\/div>\n\n <div class=\"block block--gallery  margin-bottom--big\" id=\"block_5c7872a9bac592bb92e3b48bdb020b78\" data-id=\"\">\n\n\n\t<div class=\"container gallery normal\">\n\n\t\t<div class=\"flex flexgrid--narrow flex--wrap flex--center\">\n\n                            \n                    <div class=\"flex__item one-third  md-one-half xs-one-whole\">\n\n                        <div class=\"item__inner\">\n                            <div class=\"item__image object-fit-con\">\n\n                                <img decoding=\"async\" src=\"https:\/\/berlin.arbeitundleben.de\/zukunftszentrum-brandenburg\/wp-content\/uploads\/2024\/11\/iStock-14414164392-scaled-e1732623245435-540x367.jpg\" \n                                    srcset=\"https:\/\/berlin.arbeitundleben.de\/zukunftszentrum-brandenburg\/wp-content\/uploads\/2024\/11\/iStock-14414164392-scaled-e1732623245435-1024x696.jpg 2x,\n                                        https:\/\/berlin.arbeitundleben.de\/zukunftszentrum-brandenburg\/wp-content\/uploads\/2024\/11\/iStock-14414164392-scaled-e1732623245435-540x367.jpg 1x\" \n                                    alt=\"Businesswoman giving a high five to a colleague in meeting\" \/>\n\n                                                                    <span style=\"color:#FFF;position:absolute;bottom:0.25rem;right:0.5rem;font-size:0.6rem;text-shadow:0 1px 2px rgba(0,0,0,0.4);\">\n                                        &copy; iStock &#8211; jacoblund                                    <\/span>\n                                \n                            <\/div>\n                           \n                        <\/div>\n\n                    <\/div>\n\n\n                \n                    <div class=\"flex__item one-third  md-one-half xs-one-whole\">\n\n                        <div class=\"item__inner\">\n                            <div class=\"item__image object-fit-con\">\n\n                                <img decoding=\"async\" src=\"https:\/\/berlin.arbeitundleben.de\/zukunftszentrum-brandenburg\/wp-content\/uploads\/2024\/11\/iStock-9841162583-540x360.jpg\" \n                                    srcset=\"https:\/\/berlin.arbeitundleben.de\/zukunftszentrum-brandenburg\/wp-content\/uploads\/2024\/11\/iStock-9841162583-1024x683.jpg 2x,\n                                        https:\/\/berlin.arbeitundleben.de\/zukunftszentrum-brandenburg\/wp-content\/uploads\/2024\/11\/iStock-9841162583-540x360.jpg 1x\" \n                                    alt=\"Designer drawing website ux app development.\" \/>\n\n                                                                    <span style=\"color:#FFF;position:absolute;bottom:0.25rem;right:0.5rem;font-size:0.6rem;text-shadow:0 1px 2px rgba(0,0,0,0.4);\">\n                                        &copy; iStock &#8211; scyther5                                    <\/span>\n                                \n                            <\/div>\n                           \n                        <\/div>\n\n                    <\/div>\n\n\n                \n                    <div class=\"flex__item one-third  md-one-half xs-one-whole\">\n\n                        <div class=\"item__inner\">\n                            <div class=\"item__image object-fit-con\">\n\n                                <img decoding=\"async\" src=\"https:\/\/berlin.arbeitundleben.de\/zukunftszentrum-brandenburg\/wp-content\/uploads\/2024\/11\/shutterstock_316296314-540x360.jpg\" \n                                    srcset=\"https:\/\/berlin.arbeitundleben.de\/zukunftszentrum-brandenburg\/wp-content\/uploads\/2024\/11\/shutterstock_316296314-1024x683.jpg 2x,\n                                        https:\/\/berlin.arbeitundleben.de\/zukunftszentrum-brandenburg\/wp-content\/uploads\/2024\/11\/shutterstock_316296314-540x360.jpg 1x\" \n                                    alt=\"shutterstock_316296314\" \/>\n\n                                                                    <span style=\"color:#FFF;position:absolute;bottom:0.25rem;right:0.5rem;font-size:0.6rem;text-shadow:0 1px 2px rgba(0,0,0,0.4);\">\n                                        &copy; iStock                                    <\/span>\n                                \n                            <\/div>\n                           \n                        <\/div>\n\n                    <\/div>\n\n\n                            \n        <\/div>\n\n    <\/div>\n\n<\/div>","protected":false},"excerpt":{"rendered":"","protected":false},"author":1,"featured_media":0,"parent":0,"menu_order":0,"comment_status":"closed","ping_status":"closed","template":"","meta":{"_acf_changed":false,"footnotes":""},"class_list":["post-158","page","type-page","status-publish","hentry"],"acf":[],"yoast_head":"<!-- This site is optimized with the Yoast SEO plugin v27.2 - https:\/\/yoast.com\/product\/yoast-seo-wordpress\/ -->\n<title>Betriebsr\u00e4te - Zukunftszentrum Brandenburg<\/title>\n<meta name=\"robots\" content=\"index, follow, max-snippet:-1, max-image-preview:large, max-video-preview:-1\" \/>\n<link rel=\"canonical\" href=\"http:\/\/berlin.arbeitundleben.de\/zukunftszentrum-brandenburg\/betriebsraete\/\" \/>\n<meta property=\"og:locale\" content=\"de_DE\" \/>\n<meta property=\"og:type\" content=\"article\" \/>\n<meta property=\"og:title\" content=\"Betriebsr\u00e4te - Zukunftszentrum Brandenburg\" \/>\n<meta property=\"og:url\" content=\"http:\/\/berlin.arbeitundleben.de\/zukunftszentrum-brandenburg\/betriebsraete\/\" \/>\n<meta property=\"og:site_name\" content=\"Zukunftszentrum Brandenburg\" \/>\n<meta property=\"article:modified_time\" content=\"2025-01-22T05:51:55+00:00\" \/>\n<meta name=\"twitter:card\" content=\"summary_large_image\" \/>\n<script type=\"application\/ld+json\" class=\"yoast-schema-graph\">{\"@context\":\"https:\/\/schema.org\",\"@graph\":[{\"@type\":\"WebPage\",\"@id\":\"http:\/\/berlin.arbeitundleben.de\/zukunftszentrum-brandenburg\/betriebsraete\/\",\"url\":\"http:\/\/berlin.arbeitundleben.de\/zukunftszentrum-brandenburg\/betriebsraete\/\",\"name\":\"Betriebsr\u00e4te - Zukunftszentrum Brandenburg\",\"isPartOf\":{\"@id\":\"https:\/\/berlin.arbeitundleben.de\/zukunftszentrum-brandenburg\/#website\"},\"datePublished\":\"2024-08-18T07:20:44+00:00\",\"dateModified\":\"2025-01-22T05:51:55+00:00\",\"breadcrumb\":{\"@id\":\"http:\/\/berlin.arbeitundleben.de\/zukunftszentrum-brandenburg\/betriebsraete\/#breadcrumb\"},\"inLanguage\":\"de\",\"potentialAction\":[{\"@type\":\"ReadAction\",\"target\":[\"http:\/\/berlin.arbeitundleben.de\/zukunftszentrum-brandenburg\/betriebsraete\/\"]}]},{\"@type\":\"BreadcrumbList\",\"@id\":\"http:\/\/berlin.arbeitundleben.de\/zukunftszentrum-brandenburg\/betriebsraete\/#breadcrumb\",\"itemListElement\":[{\"@type\":\"ListItem\",\"position\":1,\"name\":\"Startseite\",\"item\":\"https:\/\/berlin.arbeitundleben.de\/zukunftszentrum-brandenburg\/\"},{\"@type\":\"ListItem\",\"position\":2,\"name\":\"Betriebsr\u00e4te\"}]},{\"@type\":\"WebSite\",\"@id\":\"https:\/\/berlin.arbeitundleben.de\/zukunftszentrum-brandenburg\/#website\",\"url\":\"https:\/\/berlin.arbeitundleben.de\/zukunftszentrum-brandenburg\/\",\"name\":\"Zukunftszentrum Brandenburg\",\"description\":\"\",\"publisher\":{\"@id\":\"https:\/\/berlin.arbeitundleben.de\/zukunftszentrum-brandenburg\/#organization\"},\"potentialAction\":[{\"@type\":\"SearchAction\",\"target\":{\"@type\":\"EntryPoint\",\"urlTemplate\":\"https:\/\/berlin.arbeitundleben.de\/zukunftszentrum-brandenburg\/?s={search_term_string}\"},\"query-input\":{\"@type\":\"PropertyValueSpecification\",\"valueRequired\":true,\"valueName\":\"search_term_string\"}}],\"inLanguage\":\"de\"},{\"@type\":\"Organization\",\"@id\":\"https:\/\/berlin.arbeitundleben.de\/zukunftszentrum-brandenburg\/#organization\",\"name\":\"Zukunftszentrum Brandenburg\",\"url\":\"https:\/\/berlin.arbeitundleben.de\/zukunftszentrum-brandenburg\/\",\"logo\":{\"@type\":\"ImageObject\",\"inLanguage\":\"de\",\"@id\":\"https:\/\/berlin.arbeitundleben.de\/zukunftszentrum-brandenburg\/#\/schema\/logo\/image\/\",\"url\":\"https:\/\/berlin.arbeitundleben.de\/zukunftszentrum-brandenburg\/wp-content\/uploads\/2024\/07\/aul-logo.png\",\"contentUrl\":\"https:\/\/berlin.arbeitundleben.de\/zukunftszentrum-brandenburg\/wp-content\/uploads\/2024\/07\/aul-logo.png\",\"width\":378,\"height\":183,\"caption\":\"Zukunftszentrum Brandenburg\"},\"image\":{\"@id\":\"https:\/\/berlin.arbeitundleben.de\/zukunftszentrum-brandenburg\/#\/schema\/logo\/image\/\"}}]}<\/script>\n<!-- \/ Yoast SEO plugin. -->","yoast_head_json":{"title":"Betriebsr\u00e4te - Zukunftszentrum Brandenburg","robots":{"index":"index","follow":"follow","max-snippet":"max-snippet:-1","max-image-preview":"max-image-preview:large","max-video-preview":"max-video-preview:-1"},"canonical":"http:\/\/berlin.arbeitundleben.de\/zukunftszentrum-brandenburg\/betriebsraete\/","og_locale":"de_DE","og_type":"article","og_title":"Betriebsr\u00e4te - Zukunftszentrum Brandenburg","og_url":"http:\/\/berlin.arbeitundleben.de\/zukunftszentrum-brandenburg\/betriebsraete\/","og_site_name":"Zukunftszentrum Brandenburg","article_modified_time":"2025-01-22T05:51:55+00:00","twitter_card":"summary_large_image","schema":{"@context":"https:\/\/schema.org","@graph":[{"@type":"WebPage","@id":"http:\/\/berlin.arbeitundleben.de\/zukunftszentrum-brandenburg\/betriebsraete\/","url":"http:\/\/berlin.arbeitundleben.de\/zukunftszentrum-brandenburg\/betriebsraete\/","name":"Betriebsr\u00e4te - Zukunftszentrum Brandenburg","isPartOf":{"@id":"https:\/\/berlin.arbeitundleben.de\/zukunftszentrum-brandenburg\/#website"},"datePublished":"2024-08-18T07:20:44+00:00","dateModified":"2025-01-22T05:51:55+00:00","breadcrumb":{"@id":"http:\/\/berlin.arbeitundleben.de\/zukunftszentrum-brandenburg\/betriebsraete\/#breadcrumb"},"inLanguage":"de","potentialAction":[{"@type":"ReadAction","target":["http:\/\/berlin.arbeitundleben.de\/zukunftszentrum-brandenburg\/betriebsraete\/"]}]},{"@type":"BreadcrumbList","@id":"http:\/\/berlin.arbeitundleben.de\/zukunftszentrum-brandenburg\/betriebsraete\/#breadcrumb","itemListElement":[{"@type":"ListItem","position":1,"name":"Startseite","item":"https:\/\/berlin.arbeitundleben.de\/zukunftszentrum-brandenburg\/"},{"@type":"ListItem","position":2,"name":"Betriebsr\u00e4te"}]},{"@type":"WebSite","@id":"https:\/\/berlin.arbeitundleben.de\/zukunftszentrum-brandenburg\/#website","url":"https:\/\/berlin.arbeitundleben.de\/zukunftszentrum-brandenburg\/","name":"Zukunftszentrum Brandenburg","description":"","publisher":{"@id":"https:\/\/berlin.arbeitundleben.de\/zukunftszentrum-brandenburg\/#organization"},"potentialAction":[{"@type":"SearchAction","target":{"@type":"EntryPoint","urlTemplate":"https:\/\/berlin.arbeitundleben.de\/zukunftszentrum-brandenburg\/?s={search_term_string}"},"query-input":{"@type":"PropertyValueSpecification","valueRequired":true,"valueName":"search_term_string"}}],"inLanguage":"de"},{"@type":"Organization","@id":"https:\/\/berlin.arbeitundleben.de\/zukunftszentrum-brandenburg\/#organization","name":"Zukunftszentrum Brandenburg","url":"https:\/\/berlin.arbeitundleben.de\/zukunftszentrum-brandenburg\/","logo":{"@type":"ImageObject","inLanguage":"de","@id":"https:\/\/berlin.arbeitundleben.de\/zukunftszentrum-brandenburg\/#\/schema\/logo\/image\/","url":"https:\/\/berlin.arbeitundleben.de\/zukunftszentrum-brandenburg\/wp-content\/uploads\/2024\/07\/aul-logo.png","contentUrl":"https:\/\/berlin.arbeitundleben.de\/zukunftszentrum-brandenburg\/wp-content\/uploads\/2024\/07\/aul-logo.png","width":378,"height":183,"caption":"Zukunftszentrum Brandenburg"},"image":{"@id":"https:\/\/berlin.arbeitundleben.de\/zukunftszentrum-brandenburg\/#\/schema\/logo\/image\/"}}]}},"_links":{"self":[{"href":"https:\/\/berlin.arbeitundleben.de\/zukunftszentrum-brandenburg\/wp-json\/wp\/v2\/pages\/158","targetHints":{"allow":["GET"]}}],"collection":[{"href":"https:\/\/berlin.arbeitundleben.de\/zukunftszentrum-brandenburg\/wp-json\/wp\/v2\/pages"}],"about":[{"href":"https:\/\/berlin.arbeitundleben.de\/zukunftszentrum-brandenburg\/wp-json\/wp\/v2\/types\/page"}],"author":[{"embeddable":true,"href":"https:\/\/berlin.arbeitundleben.de\/zukunftszentrum-brandenburg\/wp-json\/wp\/v2\/users\/1"}],"replies":[{"embeddable":true,"href":"https:\/\/berlin.arbeitundleben.de\/zukunftszentrum-brandenburg\/wp-json\/wp\/v2\/comments?post=158"}],"version-history":[{"count":13,"href":"https:\/\/berlin.arbeitundleben.de\/zukunftszentrum-brandenburg\/wp-json\/wp\/v2\/pages\/158\/revisions"}],"predecessor-version":[{"id":534,"href":"https:\/\/berlin.arbeitundleben.de\/zukunftszentrum-brandenburg\/wp-json\/wp\/v2\/pages\/158\/revisions\/534"}],"wp:attachment":[{"href":"https:\/\/berlin.arbeitundleben.de\/zukunftszentrum-brandenburg\/wp-json\/wp\/v2\/media?parent=158"}],"curies":[{"name":"wp","href":"https:\/\/api.w.org\/{rel}","templated":true}]}}