{"id":162,"date":"2024-08-18T09:21:17","date_gmt":"2024-08-18T07:21:17","guid":{"rendered":"https:\/\/berlin.arbeitundleben.de\/zukunftszentrum-brandenburg\/?page_id=162"},"modified":"2026-01-22T10:12:01","modified_gmt":"2026-01-22T09:12:01","slug":"team-und-kontakt","status":"publish","type":"page","link":"https:\/\/berlin.arbeitundleben.de\/zukunftszentrum-brandenburg\/team-und-kontakt\/","title":{"rendered":"Team und Kontakt"},"content":{"rendered":" <div class=\"block block--header \" id=\"block_d63e5e19956d120a6e386fa8d06332c3\" data-id=\"\">\n\n\t<header class=\"header--small relative flex flex--middle\">\n\n     \n\t\t\t<img decoding=\"async\" src=\"https:\/\/berlin.arbeitundleben.de\/zukunftszentrum-brandenburg\/wp-content\/uploads\/2024\/07\/AuL-Website_HEADER_klein_rot-1600x289.jpg\"\n\t\t\t\tsrcset=\"https:\/\/berlin.arbeitundleben.de\/zukunftszentrum-brandenburg\/wp-content\/uploads\/2024\/07\/AuL-Website_HEADER_klein_rot.jpg 2400w,\n\t\t\t\t\t\thttps:\/\/berlin.arbeitundleben.de\/zukunftszentrum-brandenburg\/wp-content\/uploads\/2024\/07\/AuL-Website_HEADER_klein_rot.jpg 1920w,\n\t\t\t\t\t\thttps:\/\/berlin.arbeitundleben.de\/zukunftszentrum-brandenburg\/wp-content\/uploads\/2024\/07\/AuL-Website_HEADER_klein_rot-1600x289.jpg 1600w,\n\t\t\t\t\t\thttps:\/\/berlin.arbeitundleben.de\/zukunftszentrum-brandenburg\/wp-content\/uploads\/2024\/07\/AuL-Website_HEADER_klein_rot-1400x253.jpg 1400w,\n\t\t\t\t\t\thttps:\/\/berlin.arbeitundleben.de\/zukunftszentrum-brandenburg\/wp-content\/uploads\/2024\/07\/AuL-Website_HEADER_klein_rot-1200x217.jpg 1200w,\n\t\t\t\t\t\thttps:\/\/berlin.arbeitundleben.de\/zukunftszentrum-brandenburg\/wp-content\/uploads\/2024\/07\/AuL-Website_HEADER_klein_rot-1024x185.jpg 1024w,\n\t\t\t\t\t\thttps:\/\/berlin.arbeitundleben.de\/zukunftszentrum-brandenburg\/wp-content\/uploads\/2024\/07\/AuL-Website_HEADER_klein_rot-800x145.jpg 800w\" \n\t\t\t\tsizes=\"100vw\" loading=\"lazy\"\n\t\t\t\twidth=\"1903\" height=\"344\"\n\t\t\t\talt=\"\">\n\n\t\t\n        <div class=\"one-whole\">\n            <div class=\"container relative\">\n                <h1>Team und Kontakt<\/h1>\n                            <\/div>\n        <\/div>\n\n    <\/header>\n\n<\/div>\n\n<div class=\"container spacing\"> \n\n    <ul class=\"margin-bottom\" id=\"breadcrumbs\"><li><a href=\"https:\/\/berlin.arbeitundleben.de\/zukunftszentrum-brandenburg\/\">Startseite<\/a><\/li><\/ul>\n<\/div>\n\n <div class=\"block block--text  margin-bottom--big\" id=\"block_1b47d08866e8da6d7d21d3850ce63d41\" data-id=\"\">\n\n\n\t<div class=\"container normal\">\n\n\t\t<p>Gern m\u00f6chten wir Sie bei Ihren Anliegen zu unterst\u00fctzen. Ob Beratung, Workshops oder ma\u00dfgeschneiderte L\u00f6sungen \u2013 wir h\u00f6ren zu und finden den richtigen Ansatz f\u00fcr Ihr Unternehmen.<\/p>\n<h5>Rufen Sie an oder schreiben Sie eine E-Mail &#8211; wir freuen uns von Ihnen zu h\u00f6ren!<\/h5>\n<p><a class=\"btn\" href=\"https:\/\/berlin.arbeitundleben.de\/zukunftszentrum-brandenburg\/kontaktformular\/\">Jetzt Anfrage senden<\/a><\/p>\n\n\t<\/div>\n\n<\/div>\n\n <div class=\"block block--team  margin-bottom--big\" id=\"block_76bf3917db6f9f020b5f381068d857d0\" data-id=\"\">\n\n\n\t<div class=\"container\">\n\n\t\t<div class=\"flex flexgrid--narrow flex--wrap flex--center\">\n\n                            \n                    <div class=\"flex__item one-quarter content-one-third tablet-one-half md-one-whole\">\n                        <div class=\"person\">\n                                                            <img decoding=\"async\" src=\"https:\/\/berlin.arbeitundleben.de\/zukunftszentrum-brandenburg\/wp-content\/uploads\/2024\/11\/6-AuLBB_240917_Personalfoto-Christine-420x630.jpg\"\n                                    srcset=\"https:\/\/berlin.arbeitundleben.de\/zukunftszentrum-brandenburg\/wp-content\/uploads\/2024\/11\/6-AuLBB_240917_Personalfoto-Christine-540x810.jpg 2x,\n                                        https:\/\/berlin.arbeitundleben.de\/zukunftszentrum-brandenburg\/wp-content\/uploads\/2024\/11\/6-AuLBB_240917_Personalfoto-Christine-420x630.jpg 1x\"\n                                    alt=\"Christine\">\n                                                        <div class=\"name\">\n                                                                    <span>Christine                                    Zeidler<\/span>\n                                                            <\/div>\n                            <div class=\"overlay flex flex--middle\">\n                                <div class=\"one-whole\">\n                                    <h4>\n                                        Christine                                        Zeidler                                    <\/h4>\n                                    <p>Projektleiterin und Beraterin<\/p>\n                                    <p>\n                                                                                    <strong>\n                                                <a href=\"tel:030513019289\">\n                                                    030 \/ 5130 192-89                                                <\/a>\n                                            <\/strong><br\/>\n                                                                                                                            <strong>\n                                                <a href=\"mailto:zeidler@berlin.arbeitundleben.de\">\n                                                    zeidler@<wbr>berlin.<wbr>arbeitundleben.de                                                <\/a>\n                                            <\/strong>\n                                                                            <\/p>\n                                <\/div>\n                            <\/div>\n                        <\/div>\n                    <\/div>\n\n                \n                    <div class=\"flex__item one-quarter content-one-third tablet-one-half md-one-whole\">\n                        <div class=\"person\">\n                                                            <img decoding=\"async\" src=\"https:\/\/berlin.arbeitundleben.de\/zukunftszentrum-brandenburg\/wp-content\/uploads\/2024\/11\/11-AuLBB_240917_Personalfoto-Birte-420x630.jpg\"\n                                    srcset=\"https:\/\/berlin.arbeitundleben.de\/zukunftszentrum-brandenburg\/wp-content\/uploads\/2024\/11\/11-AuLBB_240917_Personalfoto-Birte-540x810.jpg 2x,\n                                        https:\/\/berlin.arbeitundleben.de\/zukunftszentrum-brandenburg\/wp-content\/uploads\/2024\/11\/11-AuLBB_240917_Personalfoto-Birte-420x630.jpg 1x\"\n                                    alt=\"Birte\">\n                                                        <div class=\"name\">\n                                                                    <span>Birte                                    Komosin<\/span>\n                                                            <\/div>\n                            <div class=\"overlay flex flex--middle\">\n                                <div class=\"one-whole\">\n                                    <h4>\n                                        Birte                                        Komosin                                    <\/h4>\n                                    <p>Beraterin<\/p>\n                                    <p>\n                                                                                    <strong>\n                                                <a href=\"tel:030513019231\">\n                                                    030 \/ 5130 192-31                                                <\/a>\n                                            <\/strong><br\/>\n                                                                                                                            <strong>\n                                                <a href=\"mailto:komosin@berlin.arbeitundleben.de\">\n                                                    komosin@<wbr>berlin.<wbr>arbeitundleben.de                                                <\/a>\n                                            <\/strong>\n                                                                            <\/p>\n                                <\/div>\n                            <\/div>\n                        <\/div>\n                    <\/div>\n\n                \n                    <div class=\"flex__item one-quarter content-one-third tablet-one-half md-one-whole\">\n                        <div class=\"person\">\n                                                            <img decoding=\"async\" src=\"https:\/\/berlin.arbeitundleben.de\/zukunftszentrum-brandenburg\/wp-content\/uploads\/2026\/01\/Avatar_Frau_Locken-420x535.jpg\"\n                                    srcset=\"https:\/\/berlin.arbeitundleben.de\/zukunftszentrum-brandenburg\/wp-content\/uploads\/2026\/01\/Avatar_Frau_Locken-540x687.jpg 2x,\n                                        https:\/\/berlin.arbeitundleben.de\/zukunftszentrum-brandenburg\/wp-content\/uploads\/2026\/01\/Avatar_Frau_Locken-420x535.jpg 1x\"\n                                    alt=\"Nanette\">\n                                                        <div class=\"name\">\n                                                                    <span>Nanette<\/span><br\/><span>Pursche-Bendl<\/span>\n                                                            <\/div>\n                            <div class=\"overlay flex flex--middle\">\n                                <div class=\"one-whole\">\n                                    <h4>\n                                        Nanette                                        Pursche-Bendl                                    <\/h4>\n                                    <p>Projektassistenz<\/p>\n                                    <p>\n                                                                                                                            <strong>\n                                                <a href=\"mailto:pursche-bendl@berlin.arbeitundleben.de\">\n                                                    pursche-bendl@<wbr>berlin.<wbr>arbeitundleben.de                                                <\/a>\n                                            <\/strong>\n                                                                            <\/p>\n                                <\/div>\n                            <\/div>\n                        <\/div>\n                    <\/div>\n\n                \n                    <div class=\"flex__item one-quarter content-one-third tablet-one-half md-one-whole\">\n                        <div class=\"person\">\n                                                            <img decoding=\"async\" src=\"https:\/\/berlin.arbeitundleben.de\/zukunftszentrum-brandenburg\/wp-content\/uploads\/2026\/01\/Julia_c_AuL-BB_web-420x630.jpg\"\n                                    srcset=\"https:\/\/berlin.arbeitundleben.de\/zukunftszentrum-brandenburg\/wp-content\/uploads\/2026\/01\/Julia_c_AuL-BB_web-540x810.jpg 2x,\n                                        https:\/\/berlin.arbeitundleben.de\/zukunftszentrum-brandenburg\/wp-content\/uploads\/2026\/01\/Julia_c_AuL-BB_web-420x630.jpg 1x\"\n                                    alt=\"Julia\">\n                                                        <div class=\"name\">\n                                                                    <span>Julia                                    Proft<\/span>\n                                                            <\/div>\n                            <div class=\"overlay flex flex--middle\">\n                                <div class=\"one-whole\">\n                                    <h4>\n                                        Julia                                        Proft                                    <\/h4>\n                                    <p>Beraterin<\/p>\n                                    <p>\n                                                                                    <strong>\n                                                <a href=\"tel:030513019242\">\n                                                    030 \/ 5130 192-42                                                <\/a>\n                                            <\/strong><br\/>\n                                                                                                                            <strong>\n                                                <a href=\"mailto:proft@berlin.arbeitundleben.de\">\n                                                    proft@<wbr>berlin.<wbr>arbeitundleben.de                                                <\/a>\n                                            <\/strong>\n                                                                            <\/p>\n                                <\/div>\n                            <\/div>\n                        <\/div>\n                    <\/div>\n\n                            \n        <\/div>\n\n    <\/div>\n\n<\/div>","protected":false},"excerpt":{"rendered":"","protected":false},"author":1,"featured_media":0,"parent":0,"menu_order":0,"comment_status":"closed","ping_status":"closed","template":"","meta":{"_acf_changed":false,"footnotes":""},"class_list":["post-162","page","type-page","status-publish","hentry"],"acf":[],"yoast_head":"<!-- This site is optimized with the Yoast SEO plugin v27.2 - https:\/\/yoast.com\/product\/yoast-seo-wordpress\/ -->\n<title>Team und Kontakt - Zukunftszentrum Brandenburg<\/title>\n<meta name=\"robots\" content=\"index, follow, max-snippet:-1, max-image-preview:large, max-video-preview:-1\" \/>\n<link rel=\"canonical\" href=\"https:\/\/berlin.arbeitundleben.de\/zukunftszentrum-brandenburg\/team-und-kontakt\/\" \/>\n<meta property=\"og:locale\" content=\"de_DE\" \/>\n<meta property=\"og:type\" content=\"article\" \/>\n<meta property=\"og:title\" content=\"Team und Kontakt - Zukunftszentrum Brandenburg\" \/>\n<meta property=\"og:url\" content=\"https:\/\/berlin.arbeitundleben.de\/zukunftszentrum-brandenburg\/team-und-kontakt\/\" \/>\n<meta property=\"og:site_name\" content=\"Zukunftszentrum Brandenburg\" \/>\n<meta property=\"article:modified_time\" content=\"2026-01-22T09:12:01+00:00\" \/>\n<meta name=\"twitter:card\" content=\"summary_large_image\" \/>\n<script type=\"application\/ld+json\" class=\"yoast-schema-graph\">{\"@context\":\"https:\/\/schema.org\",\"@graph\":[{\"@type\":\"WebPage\",\"@id\":\"https:\/\/berlin.arbeitundleben.de\/zukunftszentrum-brandenburg\/team-und-kontakt\/\",\"url\":\"https:\/\/berlin.arbeitundleben.de\/zukunftszentrum-brandenburg\/team-und-kontakt\/\",\"name\":\"Team und Kontakt - Zukunftszentrum Brandenburg\",\"isPartOf\":{\"@id\":\"https:\/\/berlin.arbeitundleben.de\/zukunftszentrum-brandenburg\/#website\"},\"datePublished\":\"2024-08-18T07:21:17+00:00\",\"dateModified\":\"2026-01-22T09:12:01+00:00\",\"breadcrumb\":{\"@id\":\"https:\/\/berlin.arbeitundleben.de\/zukunftszentrum-brandenburg\/team-und-kontakt\/#breadcrumb\"},\"inLanguage\":\"de\",\"potentialAction\":[{\"@type\":\"ReadAction\",\"target\":[\"https:\/\/berlin.arbeitundleben.de\/zukunftszentrum-brandenburg\/team-und-kontakt\/\"]}]},{\"@type\":\"BreadcrumbList\",\"@id\":\"https:\/\/berlin.arbeitundleben.de\/zukunftszentrum-brandenburg\/team-und-kontakt\/#breadcrumb\",\"itemListElement\":[{\"@type\":\"ListItem\",\"position\":1,\"name\":\"Startseite\",\"item\":\"https:\/\/berlin.arbeitundleben.de\/zukunftszentrum-brandenburg\/\"},{\"@type\":\"ListItem\",\"position\":2,\"name\":\"Team und Kontakt\"}]},{\"@type\":\"WebSite\",\"@id\":\"https:\/\/berlin.arbeitundleben.de\/zukunftszentrum-brandenburg\/#website\",\"url\":\"https:\/\/berlin.arbeitundleben.de\/zukunftszentrum-brandenburg\/\",\"name\":\"Zukunftszentrum Brandenburg\",\"description\":\"\",\"publisher\":{\"@id\":\"https:\/\/berlin.arbeitundleben.de\/zukunftszentrum-brandenburg\/#organization\"},\"potentialAction\":[{\"@type\":\"SearchAction\",\"target\":{\"@type\":\"EntryPoint\",\"urlTemplate\":\"https:\/\/berlin.arbeitundleben.de\/zukunftszentrum-brandenburg\/?s={search_term_string}\"},\"query-input\":{\"@type\":\"PropertyValueSpecification\",\"valueRequired\":true,\"valueName\":\"search_term_string\"}}],\"inLanguage\":\"de\"},{\"@type\":\"Organization\",\"@id\":\"https:\/\/berlin.arbeitundleben.de\/zukunftszentrum-brandenburg\/#organization\",\"name\":\"Zukunftszentrum Brandenburg\",\"url\":\"https:\/\/berlin.arbeitundleben.de\/zukunftszentrum-brandenburg\/\",\"logo\":{\"@type\":\"ImageObject\",\"inLanguage\":\"de\",\"@id\":\"https:\/\/berlin.arbeitundleben.de\/zukunftszentrum-brandenburg\/#\/schema\/logo\/image\/\",\"url\":\"https:\/\/berlin.arbeitundleben.de\/zukunftszentrum-brandenburg\/wp-content\/uploads\/2024\/07\/aul-logo.png\",\"contentUrl\":\"https:\/\/berlin.arbeitundleben.de\/zukunftszentrum-brandenburg\/wp-content\/uploads\/2024\/07\/aul-logo.png\",\"width\":378,\"height\":183,\"caption\":\"Zukunftszentrum Brandenburg\"},\"image\":{\"@id\":\"https:\/\/berlin.arbeitundleben.de\/zukunftszentrum-brandenburg\/#\/schema\/logo\/image\/\"}}]}<\/script>\n<!-- \/ Yoast SEO plugin. -->","yoast_head_json":{"title":"Team und Kontakt - Zukunftszentrum Brandenburg","robots":{"index":"index","follow":"follow","max-snippet":"max-snippet:-1","max-image-preview":"max-image-preview:large","max-video-preview":"max-video-preview:-1"},"canonical":"https:\/\/berlin.arbeitundleben.de\/zukunftszentrum-brandenburg\/team-und-kontakt\/","og_locale":"de_DE","og_type":"article","og_title":"Team und Kontakt - Zukunftszentrum Brandenburg","og_url":"https:\/\/berlin.arbeitundleben.de\/zukunftszentrum-brandenburg\/team-und-kontakt\/","og_site_name":"Zukunftszentrum Brandenburg","article_modified_time":"2026-01-22T09:12:01+00:00","twitter_card":"summary_large_image","schema":{"@context":"https:\/\/schema.org","@graph":[{"@type":"WebPage","@id":"https:\/\/berlin.arbeitundleben.de\/zukunftszentrum-brandenburg\/team-und-kontakt\/","url":"https:\/\/berlin.arbeitundleben.de\/zukunftszentrum-brandenburg\/team-und-kontakt\/","name":"Team und Kontakt - Zukunftszentrum Brandenburg","isPartOf":{"@id":"https:\/\/berlin.arbeitundleben.de\/zukunftszentrum-brandenburg\/#website"},"datePublished":"2024-08-18T07:21:17+00:00","dateModified":"2026-01-22T09:12:01+00:00","breadcrumb":{"@id":"https:\/\/berlin.arbeitundleben.de\/zukunftszentrum-brandenburg\/team-und-kontakt\/#breadcrumb"},"inLanguage":"de","potentialAction":[{"@type":"ReadAction","target":["https:\/\/berlin.arbeitundleben.de\/zukunftszentrum-brandenburg\/team-und-kontakt\/"]}]},{"@type":"BreadcrumbList","@id":"https:\/\/berlin.arbeitundleben.de\/zukunftszentrum-brandenburg\/team-und-kontakt\/#breadcrumb","itemListElement":[{"@type":"ListItem","position":1,"name":"Startseite","item":"https:\/\/berlin.arbeitundleben.de\/zukunftszentrum-brandenburg\/"},{"@type":"ListItem","position":2,"name":"Team und Kontakt"}]},{"@type":"WebSite","@id":"https:\/\/berlin.arbeitundleben.de\/zukunftszentrum-brandenburg\/#website","url":"https:\/\/berlin.arbeitundleben.de\/zukunftszentrum-brandenburg\/","name":"Zukunftszentrum Brandenburg","description":"","publisher":{"@id":"https:\/\/berlin.arbeitundleben.de\/zukunftszentrum-brandenburg\/#organization"},"potentialAction":[{"@type":"SearchAction","target":{"@type":"EntryPoint","urlTemplate":"https:\/\/berlin.arbeitundleben.de\/zukunftszentrum-brandenburg\/?s={search_term_string}"},"query-input":{"@type":"PropertyValueSpecification","valueRequired":true,"valueName":"search_term_string"}}],"inLanguage":"de"},{"@type":"Organization","@id":"https:\/\/berlin.arbeitundleben.de\/zukunftszentrum-brandenburg\/#organization","name":"Zukunftszentrum Brandenburg","url":"https:\/\/berlin.arbeitundleben.de\/zukunftszentrum-brandenburg\/","logo":{"@type":"ImageObject","inLanguage":"de","@id":"https:\/\/berlin.arbeitundleben.de\/zukunftszentrum-brandenburg\/#\/schema\/logo\/image\/","url":"https:\/\/berlin.arbeitundleben.de\/zukunftszentrum-brandenburg\/wp-content\/uploads\/2024\/07\/aul-logo.png","contentUrl":"https:\/\/berlin.arbeitundleben.de\/zukunftszentrum-brandenburg\/wp-content\/uploads\/2024\/07\/aul-logo.png","width":378,"height":183,"caption":"Zukunftszentrum Brandenburg"},"image":{"@id":"https:\/\/berlin.arbeitundleben.de\/zukunftszentrum-brandenburg\/#\/schema\/logo\/image\/"}}]}},"_links":{"self":[{"href":"https:\/\/berlin.arbeitundleben.de\/zukunftszentrum-brandenburg\/wp-json\/wp\/v2\/pages\/162","targetHints":{"allow":["GET"]}}],"collection":[{"href":"https:\/\/berlin.arbeitundleben.de\/zukunftszentrum-brandenburg\/wp-json\/wp\/v2\/pages"}],"about":[{"href":"https:\/\/berlin.arbeitundleben.de\/zukunftszentrum-brandenburg\/wp-json\/wp\/v2\/types\/page"}],"author":[{"embeddable":true,"href":"https:\/\/berlin.arbeitundleben.de\/zukunftszentrum-brandenburg\/wp-json\/wp\/v2\/users\/1"}],"replies":[{"embeddable":true,"href":"https:\/\/berlin.arbeitundleben.de\/zukunftszentrum-brandenburg\/wp-json\/wp\/v2\/comments?post=162"}],"version-history":[{"count":14,"href":"https:\/\/berlin.arbeitundleben.de\/zukunftszentrum-brandenburg\/wp-json\/wp\/v2\/pages\/162\/revisions"}],"predecessor-version":[{"id":657,"href":"https:\/\/berlin.arbeitundleben.de\/zukunftszentrum-brandenburg\/wp-json\/wp\/v2\/pages\/162\/revisions\/657"}],"wp:attachment":[{"href":"https:\/\/berlin.arbeitundleben.de\/zukunftszentrum-brandenburg\/wp-json\/wp\/v2\/media?parent=162"}],"curies":[{"name":"wp","href":"https:\/\/api.w.org\/{rel}","templated":true}]}}